{"id":79,"date":"2025-11-08T17:08:17","date_gmt":"2025-11-08T17:08:17","guid":{"rendered":"https:\/\/rosenstrasse-fewo.de\/?page_id=79"},"modified":"2025-11-08T17:08:18","modified_gmt":"2025-11-08T17:08:18","slug":"flur","status":"publish","type":"page","link":"https:\/\/rosenstrasse-fewo.de\/?page_id=79","title":{"rendered":"Flur"},"content":{"rendered":"\n<p><\/p>\n\n\n\n<div id=\"wp-block-themeisle-blocks-slider-1e6c8ceb\" class=\"wp-block-themeisle-blocks-slider glide\" data-per-view=\"1\" data-gap=\"0\" data-peek=\"0\" data-autoplay=\"false\" data-height=\"450px\" data-hide-arrows=\"false\"><div class=\"glide__track\" data-glide-el=\"track\"><div class=\"glide__slides\"><div class=\"wp-block-themeisle-blocks-slider-item-wrapper glide__slide\" tabindex=\"0\"><figure><img decoding=\"async\" class=\"wp-block-themeisle-blocks-slider-item\" src=\"https:\/\/xn--fewo-rosenstrae-3ib.de\/wp-content\/uploads\/2025\/08\/20250829-172347-scaled.jpg\" alt=\"\" title=\"\" data-id=\"260\"\/><\/figure><\/div><div class=\"wp-block-themeisle-blocks-slider-item-wrapper glide__slide\" tabindex=\"0\"><figure><img decoding=\"async\" class=\"wp-block-themeisle-blocks-slider-item\" src=\"https:\/\/xn--fewo-rosenstrae-3ib.de\/wp-content\/uploads\/2025\/08\/20250829-172409-scaled.jpg\" alt=\"\" title=\"\" data-id=\"262\"\/><\/figure><\/div><div class=\"wp-block-themeisle-blocks-slider-item-wrapper glide__slide\" tabindex=\"0\"><figure><img decoding=\"async\" class=\"wp-block-themeisle-blocks-slider-item\" src=\"https:\/\/xn--fewo-rosenstrae-3ib.de\/wp-content\/uploads\/2025\/08\/20250829-172431-scaled.jpg\" alt=\"\" title=\"\" data-id=\"261\"\/><\/figure><\/div><div class=\"wp-block-themeisle-blocks-slider-item-wrapper glide__slide\" tabindex=\"0\"><figure><img decoding=\"async\" class=\"wp-block-themeisle-blocks-slider-item\" src=\"https:\/\/xn--fewo-rosenstrae-3ib.de\/wp-content\/uploads\/2025\/08\/20250829-172433-scaled.jpg\" alt=\"\" title=\"\" data-id=\"263\"\/><\/figure><\/div><div class=\"wp-block-themeisle-blocks-slider-item-wrapper glide__slide\" tabindex=\"0\"><figure><img decoding=\"async\" class=\"wp-block-themeisle-blocks-slider-item\" src=\"https:\/\/xn--fewo-rosenstrae-3ib.de\/wp-content\/uploads\/2025\/08\/20250829-172459-scaled.jpg\" alt=\"\" title=\"\" data-id=\"264\"\/><\/figure><\/div><\/div><div class=\"glide__bullets\" data-glide-el=\"controls[nav]\"><button class=\"glide__bullet\" data-glide-dir=\"=0\"><\/button><button class=\"glide__bullet\" data-glide-dir=\"=1\"><\/button><button class=\"glide__bullet\" data-glide-dir=\"=2\"><\/button><button class=\"glide__bullet\" data-glide-dir=\"=3\"><\/button><button class=\"glide__bullet\" data-glide-dir=\"=4\"><\/button><\/div><\/div><\/div>\n\n\n\n<p><\/p>\n\n\n\n<p><strong>Nach Betreten der Wohnung befindet man sich im Flur. Von hier gelangt man in alle anderen R\u00e4ume<\/strong>: <a href=\"https:\/\/xn--fewo-rosenstrae-3ib.de\/wohnzimmer\/\" data-type=\"page\" data-id=\"83\">Wohnzimmer<\/a>, <a href=\"https:\/\/xn--fewo-rosenstrae-3ib.de\/schlafzimmer\/\" data-type=\"page\" data-id=\"324\">Schlafzimmer<\/a>, <a href=\"https:\/\/xn--fewo-rosenstrae-3ib.de\/bad\/\" data-type=\"page\" data-id=\"331\">Bad<\/a> und <a href=\"https:\/\/xn--fewo-rosenstrae-3ib.de\/kueche\/\" data-type=\"page\" data-id=\"328\">K\u00fcche<\/a>.<\/p>\n\n\n\n<ul class=\"wp-block-list\">\n<li>Garderobenhaken<\/li>\n\n\n\n<li>Spiegel<\/li>\n\n\n\n<li>Ablagebrett<\/li>\n\n\n\n<li>Schuhanzieher<\/li>\n\n\n\n<li>Abstellplatz f\u00fcr Schuhe <\/li>\n\n\n\n<li>Abstellplatz f\u00fcr Koffer \/ Reisetaschen<\/li>\n<\/ul>\n","protected":false},"excerpt":{"rendered":"<p>Nach Betreten der Wohnung befindet man sich im Flur. Von hier gelangt man in alle anderen R\u00e4ume: Wohnzimmer, Schlafzimmer, Bad und K\u00fcche.<\/p>\n","protected":false},"author":1,"featured_media":0,"parent":0,"menu_order":0,"comment_status":"closed","ping_status":"closed","template":"","meta":{"neve_meta_sidebar":"","neve_meta_container":"","neve_meta_enable_content_width":"","neve_meta_content_width":0,"neve_meta_title_alignment":"","neve_meta_author_avatar":"","neve_post_elements_order":"","neve_meta_disable_header":"","neve_meta_disable_footer":"","neve_meta_disable_title":"","_themeisle_gutenberg_block_has_review":false,"footnotes":""},"class_list":["post-79","page","type-page","status-publish","hentry"],"yoast_head":"<!-- This site is optimized with the Yoast SEO plugin v26.3 - https:\/\/yoast.com\/wordpress\/plugins\/seo\/ -->\n<title>Flur - Fewo Rosenstra\u00dfe<\/title>\n<meta name=\"robots\" content=\"index, follow, max-snippet:-1, max-image-preview:large, max-video-preview:-1\" \/>\n<link rel=\"canonical\" href=\"https:\/\/rosenstrasse-fewo.de\/?page_id=79\" \/>\n<meta property=\"og:locale\" content=\"de_DE\" \/>\n<meta property=\"og:type\" content=\"article\" \/>\n<meta property=\"og:title\" content=\"Flur - Fewo Rosenstra\u00dfe\" \/>\n<meta property=\"og:description\" content=\"Nach Betreten der Wohnung befindet man sich im Flur. Von hier gelangt man in alle anderen R\u00e4ume: Wohnzimmer, Schlafzimmer, Bad und K\u00fcche.\" \/>\n<meta property=\"og:url\" content=\"https:\/\/rosenstrasse-fewo.de\/?page_id=79\" \/>\n<meta property=\"og:site_name\" content=\"Fewo Rosenstra\u00dfe\" \/>\n<meta property=\"article:publisher\" content=\"https:\/\/www.facebook.com\/profile.php?id=61581230256860\" \/>\n<meta property=\"article:modified_time\" content=\"2025-11-08T17:08:18+00:00\" \/>\n<meta property=\"og:image\" content=\"https:\/\/xn--fewo-rosenstrae-3ib.de\/wp-content\/uploads\/2025\/08\/20250829-172347-scaled.jpg\" \/>\n<meta name=\"twitter:card\" content=\"summary_large_image\" \/>\n<script type=\"application\/ld+json\" class=\"yoast-schema-graph\">{\"@context\":\"https:\/\/schema.org\",\"@graph\":[{\"@type\":\"WebPage\",\"@id\":\"https:\/\/rosenstrasse-fewo.de\/?page_id=79\",\"url\":\"https:\/\/rosenstrasse-fewo.de\/?page_id=79\",\"name\":\"Flur - Fewo Rosenstra\u00dfe\",\"isPartOf\":{\"@id\":\"https:\/\/rosenstrasse-fewo.de\/#website\"},\"primaryImageOfPage\":{\"@id\":\"https:\/\/rosenstrasse-fewo.de\/?page_id=79#primaryimage\"},\"image\":{\"@id\":\"https:\/\/rosenstrasse-fewo.de\/?page_id=79#primaryimage\"},\"thumbnailUrl\":\"https:\/\/xn--fewo-rosenstrae-3ib.de\/wp-content\/uploads\/2025\/08\/20250829-172347-scaled.jpg\",\"datePublished\":\"2025-11-08T17:08:17+00:00\",\"dateModified\":\"2025-11-08T17:08:18+00:00\",\"breadcrumb\":{\"@id\":\"https:\/\/rosenstrasse-fewo.de\/?page_id=79#breadcrumb\"},\"inLanguage\":\"de\",\"potentialAction\":[{\"@type\":\"ReadAction\",\"target\":[\"https:\/\/rosenstrasse-fewo.de\/?page_id=79\"]}]},{\"@type\":\"ImageObject\",\"inLanguage\":\"de\",\"@id\":\"https:\/\/rosenstrasse-fewo.de\/?page_id=79#primaryimage\",\"url\":\"https:\/\/xn--fewo-rosenstrae-3ib.de\/wp-content\/uploads\/2025\/08\/20250829-172347-scaled.jpg\",\"contentUrl\":\"https:\/\/xn--fewo-rosenstrae-3ib.de\/wp-content\/uploads\/2025\/08\/20250829-172347-scaled.jpg\"},{\"@type\":\"BreadcrumbList\",\"@id\":\"https:\/\/rosenstrasse-fewo.de\/?page_id=79#breadcrumb\",\"itemListElement\":[{\"@type\":\"ListItem\",\"position\":1,\"name\":\"Startseite\",\"item\":\"https:\/\/rosenstrasse-fewo.de\/\"},{\"@type\":\"ListItem\",\"position\":2,\"name\":\"Flur\"}]},{\"@type\":\"WebSite\",\"@id\":\"https:\/\/rosenstrasse-fewo.de\/#website\",\"url\":\"https:\/\/rosenstrasse-fewo.de\/\",\"name\":\"Fewo Rosenstra\u00dfe\",\"description\":\"49740 Hasel\u00fcnne\",\"publisher\":{\"@id\":\"https:\/\/rosenstrasse-fewo.de\/#organization\"},\"alternateName\":\"Ferienwohnung Rosenstrasse Hasel\u00fcnne\",\"potentialAction\":[{\"@type\":\"SearchAction\",\"target\":{\"@type\":\"EntryPoint\",\"urlTemplate\":\"https:\/\/rosenstrasse-fewo.de\/?s={search_term_string}\"},\"query-input\":{\"@type\":\"PropertyValueSpecification\",\"valueRequired\":true,\"valueName\":\"search_term_string\"}}],\"inLanguage\":\"de\"},{\"@type\":\"Organization\",\"@id\":\"https:\/\/rosenstrasse-fewo.de\/#organization\",\"name\":\"Ferienwohnung Rosenstrasse\",\"alternateName\":\"Ferienwohnung Hasel\u00fcnne\",\"url\":\"https:\/\/rosenstrasse-fewo.de\/\",\"logo\":{\"@type\":\"ImageObject\",\"inLanguage\":\"de\",\"@id\":\"https:\/\/rosenstrasse-fewo.de\/#\/schema\/logo\/image\/\",\"url\":\"https:\/\/rosenstrasse-fewo.de\/wp-content\/uploads\/2025\/11\/cropped-Logo.jpg\",\"contentUrl\":\"https:\/\/rosenstrasse-fewo.de\/wp-content\/uploads\/2025\/11\/cropped-Logo.jpg\",\"width\":512,\"height\":512,\"caption\":\"Ferienwohnung Rosenstrasse\"},\"image\":{\"@id\":\"https:\/\/rosenstrasse-fewo.de\/#\/schema\/logo\/image\/\"},\"sameAs\":[\"https:\/\/www.facebook.com\/profile.php?id=61581230256860\"]}]}<\/script>\n<!-- \/ Yoast SEO plugin. -->","yoast_head_json":{"title":"Flur - Fewo Rosenstra\u00dfe","robots":{"index":"index","follow":"follow","max-snippet":"max-snippet:-1","max-image-preview":"max-image-preview:large","max-video-preview":"max-video-preview:-1"},"canonical":"https:\/\/rosenstrasse-fewo.de\/?page_id=79","og_locale":"de_DE","og_type":"article","og_title":"Flur - Fewo Rosenstra\u00dfe","og_description":"Nach Betreten der Wohnung befindet man sich im Flur. Von hier gelangt man in alle anderen R\u00e4ume: Wohnzimmer, Schlafzimmer, Bad und K\u00fcche.","og_url":"https:\/\/rosenstrasse-fewo.de\/?page_id=79","og_site_name":"Fewo Rosenstra\u00dfe","article_publisher":"https:\/\/www.facebook.com\/profile.php?id=61581230256860","article_modified_time":"2025-11-08T17:08:18+00:00","og_image":[{"url":"https:\/\/xn--fewo-rosenstrae-3ib.de\/wp-content\/uploads\/2025\/08\/20250829-172347-scaled.jpg","type":"","width":"","height":""}],"twitter_card":"summary_large_image","schema":{"@context":"https:\/\/schema.org","@graph":[{"@type":"WebPage","@id":"https:\/\/rosenstrasse-fewo.de\/?page_id=79","url":"https:\/\/rosenstrasse-fewo.de\/?page_id=79","name":"Flur - Fewo Rosenstra\u00dfe","isPartOf":{"@id":"https:\/\/rosenstrasse-fewo.de\/#website"},"primaryImageOfPage":{"@id":"https:\/\/rosenstrasse-fewo.de\/?page_id=79#primaryimage"},"image":{"@id":"https:\/\/rosenstrasse-fewo.de\/?page_id=79#primaryimage"},"thumbnailUrl":"https:\/\/xn--fewo-rosenstrae-3ib.de\/wp-content\/uploads\/2025\/08\/20250829-172347-scaled.jpg","datePublished":"2025-11-08T17:08:17+00:00","dateModified":"2025-11-08T17:08:18+00:00","breadcrumb":{"@id":"https:\/\/rosenstrasse-fewo.de\/?page_id=79#breadcrumb"},"inLanguage":"de","potentialAction":[{"@type":"ReadAction","target":["https:\/\/rosenstrasse-fewo.de\/?page_id=79"]}]},{"@type":"ImageObject","inLanguage":"de","@id":"https:\/\/rosenstrasse-fewo.de\/?page_id=79#primaryimage","url":"https:\/\/xn--fewo-rosenstrae-3ib.de\/wp-content\/uploads\/2025\/08\/20250829-172347-scaled.jpg","contentUrl":"https:\/\/xn--fewo-rosenstrae-3ib.de\/wp-content\/uploads\/2025\/08\/20250829-172347-scaled.jpg"},{"@type":"BreadcrumbList","@id":"https:\/\/rosenstrasse-fewo.de\/?page_id=79#breadcrumb","itemListElement":[{"@type":"ListItem","position":1,"name":"Startseite","item":"https:\/\/rosenstrasse-fewo.de\/"},{"@type":"ListItem","position":2,"name":"Flur"}]},{"@type":"WebSite","@id":"https:\/\/rosenstrasse-fewo.de\/#website","url":"https:\/\/rosenstrasse-fewo.de\/","name":"Fewo Rosenstra\u00dfe","description":"49740 Hasel\u00fcnne","publisher":{"@id":"https:\/\/rosenstrasse-fewo.de\/#organization"},"alternateName":"Ferienwohnung Rosenstrasse Hasel\u00fcnne","potentialAction":[{"@type":"SearchAction","target":{"@type":"EntryPoint","urlTemplate":"https:\/\/rosenstrasse-fewo.de\/?s={search_term_string}"},"query-input":{"@type":"PropertyValueSpecification","valueRequired":true,"valueName":"search_term_string"}}],"inLanguage":"de"},{"@type":"Organization","@id":"https:\/\/rosenstrasse-fewo.de\/#organization","name":"Ferienwohnung Rosenstrasse","alternateName":"Ferienwohnung Hasel\u00fcnne","url":"https:\/\/rosenstrasse-fewo.de\/","logo":{"@type":"ImageObject","inLanguage":"de","@id":"https:\/\/rosenstrasse-fewo.de\/#\/schema\/logo\/image\/","url":"https:\/\/rosenstrasse-fewo.de\/wp-content\/uploads\/2025\/11\/cropped-Logo.jpg","contentUrl":"https:\/\/rosenstrasse-fewo.de\/wp-content\/uploads\/2025\/11\/cropped-Logo.jpg","width":512,"height":512,"caption":"Ferienwohnung Rosenstrasse"},"image":{"@id":"https:\/\/rosenstrasse-fewo.de\/#\/schema\/logo\/image\/"},"sameAs":["https:\/\/www.facebook.com\/profile.php?id=61581230256860"]}]}},"_links":{"self":[{"href":"https:\/\/rosenstrasse-fewo.de\/index.php?rest_route=\/wp\/v2\/pages\/79","targetHints":{"allow":["GET"]}}],"collection":[{"href":"https:\/\/rosenstrasse-fewo.de\/index.php?rest_route=\/wp\/v2\/pages"}],"about":[{"href":"https:\/\/rosenstrasse-fewo.de\/index.php?rest_route=\/wp\/v2\/types\/page"}],"author":[{"embeddable":true,"href":"https:\/\/rosenstrasse-fewo.de\/index.php?rest_route=\/wp\/v2\/users\/1"}],"replies":[{"embeddable":true,"href":"https:\/\/rosenstrasse-fewo.de\/index.php?rest_route=%2Fwp%2Fv2%2Fcomments&post=79"}],"version-history":[{"count":1,"href":"https:\/\/rosenstrasse-fewo.de\/index.php?rest_route=\/wp\/v2\/pages\/79\/revisions"}],"predecessor-version":[{"id":80,"href":"https:\/\/rosenstrasse-fewo.de\/index.php?rest_route=\/wp\/v2\/pages\/79\/revisions\/80"}],"wp:attachment":[{"href":"https:\/\/rosenstrasse-fewo.de\/index.php?rest_route=%2Fwp%2Fv2%2Fmedia&parent=79"}],"curies":[{"name":"wp","href":"https:\/\/api.w.org\/{rel}","templated":true}]}}