{"id":75,"date":"2025-11-08T14:56:37","date_gmt":"2025-11-08T14:56:37","guid":{"rendered":"https:\/\/rosenstrasse-fewo.de\/?page_id=75"},"modified":"2025-11-08T14:56:39","modified_gmt":"2025-11-08T14:56:39","slug":"kueche","status":"publish","type":"page","link":"https:\/\/rosenstrasse-fewo.de\/?page_id=75","title":{"rendered":"K\u00fcche"},"content":{"rendered":"\n<p><\/p>\n\n\n\n<div id=\"wp-block-themeisle-blocks-slider-cb59e348\" class=\"wp-block-themeisle-blocks-slider glide\" data-per-view=\"1\" data-gap=\"0\" data-peek=\"0\" data-autoplay=\"false\" data-height=\"450px\" data-hide-arrows=\"false\"><div class=\"glide__track\" data-glide-el=\"track\"><div class=\"glide__slides\"><div class=\"wp-block-themeisle-blocks-slider-item-wrapper glide__slide\" tabindex=\"0\"><figure><img decoding=\"async\" class=\"wp-block-themeisle-blocks-slider-item\" src=\"https:\/\/xn--fewo-rosenstrae-3ib.de\/wp-content\/uploads\/2025\/08\/kueche-1-scaled.jpg\" alt=\"\" title=\"\" data-id=\"52\"\/><\/figure><\/div><div class=\"wp-block-themeisle-blocks-slider-item-wrapper glide__slide\" tabindex=\"0\"><figure><img decoding=\"async\" class=\"wp-block-themeisle-blocks-slider-item\" src=\"https:\/\/xn--fewo-rosenstrae-3ib.de\/wp-content\/uploads\/2025\/08\/kueche-2-scaled.jpg\" alt=\"\" title=\"\" data-id=\"53\"\/><\/figure><\/div><div class=\"wp-block-themeisle-blocks-slider-item-wrapper glide__slide\" tabindex=\"0\"><figure><img decoding=\"async\" class=\"wp-block-themeisle-blocks-slider-item\" src=\"https:\/\/xn--fewo-rosenstrae-3ib.de\/wp-content\/uploads\/2025\/08\/kueche-3-scaled.jpg\" alt=\"\" title=\"\" data-id=\"54\"\/><\/figure><\/div><div class=\"wp-block-themeisle-blocks-slider-item-wrapper glide__slide\" tabindex=\"0\"><figure><img decoding=\"async\" class=\"wp-block-themeisle-blocks-slider-item\" src=\"https:\/\/xn--fewo-rosenstrae-3ib.de\/wp-content\/uploads\/2025\/08\/kueche-4-scaled.jpg\" alt=\"\" title=\"\" data-id=\"55\"\/><\/figure><\/div><\/div><div class=\"glide__bullets\" data-glide-el=\"controls[nav]\"><button class=\"glide__bullet\" data-glide-dir=\"=0\"><\/button><button class=\"glide__bullet\" data-glide-dir=\"=1\"><\/button><button class=\"glide__bullet\" data-glide-dir=\"=2\"><\/button><button class=\"glide__bullet\" data-glide-dir=\"=3\"><\/button><\/div><\/div><\/div>\n\n\n\n<p><\/p>\n\n\n\n<p><strong>Die K\u00fcche ist komplett eingerichtet und bietet alles, was das Herz begehrt.<\/strong><br><br>Auszug aus der Ausstattung:<\/p>\n\n\n\n<ul class=\"wp-block-list\">\n<li>Ceranfeld mit 4 Kochfeldern<\/li>\n\n\n\n<li>Backofen<\/li>\n\n\n\n<li>K\u00fchlschrank mit Gefrierfach<\/li>\n\n\n\n<li>Sp\u00fclmaschine<\/li>\n\n\n\n<li>Mikrowelle<\/li>\n\n\n\n<li>Besteck und Geschirr f\u00fcr 6 Personen<\/li>\n\n\n\n<li>T\u00f6pfe und Pfannen<\/li>\n\n\n\n<li>Filterkaffeemaschine<\/li>\n\n\n\n<li>Kaffeepadmaschine (Tassimo von Bosch)<\/li>\n\n\n\n<li>Sodastream<\/li>\n\n\n\n<li>Wasserkocher<\/li>\n\n\n\n<li>Stabmixer<\/li>\n\n\n\n<li>Fenster mit Fliegenschutz<\/li>\n\n\n\n<li>elektrisch betriebene Au\u00dfenrollade<\/li>\n\n\n\n<li>etc.<\/li>\n<\/ul>\n\n\n\n<p><\/p>\n\n\n\n<details class=\"wp-block-details is-layout-flow wp-block-details-is-layout-flow\"><summary><strong>Detaillierte Auflistung <\/strong> <\/summary>\n<p><\/p>\n\n\n\n<ul class=\"wp-block-list\">\n<li>Ceranfeld mit 4 Kochstellen<\/li>\n\n\n\n<li>Backofen mit Rost und Backblech<\/li>\n\n\n\n<li>Mikrowelle mit Abdeckung<\/li>\n\n\n\n<li>K\u00fchlschrank mit Gefrierfach<\/li>\n\n\n\n<li>Filter Kaffeemaschine<\/li>\n\n\n\n<li>Kaffeepadmaschiene (Tassimo von Bosch)<\/li>\n\n\n\n<li>Wasserkocher<\/li>\n\n\n\n<li>Sodastream<\/li>\n\n\n\n<li>Toaster<\/li>\n\n\n\n<li>Stabmixer<\/li>\n\n\n\n<li>Schere<\/li>\n\n\n\n<li>Schneidebrett Kunststoff gro\u00df<\/li>\n\n\n\n<li>2 x Topflappen<\/li>\n\n\n\n<li>6 x &#8222;Kaffeepott&#8220; <\/li>\n\n\n\n<li>6 x Wasserglas gro\u00df<\/li>\n\n\n\n<li>6 x Wasserglas klein<\/li>\n\n\n\n<li>4 x Weinglas<\/li>\n\n\n\n<li>4 x Eierbecher<\/li>\n\n\n\n<li>6 x Essteller<\/li>\n\n\n\n<li>6 x Suppenteller<\/li>\n\n\n\n<li>6 x Kuchenteller<\/li>\n\n\n\n<li>6 x Salat-\/Dessertsch\u00fcssel<\/li>\n\n\n\n<li>4 x Schneidemesser<\/li>\n\n\n\n<li>6 x Gabeln<\/li>\n\n\n\n<li>6 x Messer<\/li>\n\n\n\n<li>6 x L\u00f6ffel<\/li>\n\n\n\n<li>6 x Teel\u00f6ffel<\/li>\n\n\n\n<li>6 x Kuchengabeln<\/li>\n\n\n\n<li>1 x Pizzaschneider<\/li>\n\n\n\n<li>1 x Dosen\u00f6ffner mit integr. Flaschen\u00f6ffner<\/li>\n\n\n\n<li>1 x Suppenkelle<\/li>\n\n\n\n<li>1 x Pfannenwender<\/li>\n\n\n\n<li>1 x Litermass (1250 ml)<\/li>\n\n\n\n<li>2 x Glassch\u00fcssel<\/li>\n\n\n\n<li>1 x Topf mit Deckel d=22cm<\/li>\n\n\n\n<li>1 x Topf mit Deckel d=20cm<\/li>\n\n\n\n<li>1 x Topf klein<\/li>\n\n\n\n<li>1 x Stielkasserolle mit Decken d=17cm<\/li>\n\n\n\n<li>1 x Pfanne mit Deckel d=28cm<\/li>\n\n\n\n<li>1 x Pfanne d=24cm<\/li>\n\n\n\n<li>1 x Auflaufform (Glas) ohne Deckel<\/li>\n\n\n\n<li>1 x Sieb<\/li>\n\n\n\n<li>2 R\u00fchrsch\u00fcsseln (gro\u00df + klein)<\/li>\n\n\n\n<li>2 x Tischset<\/li>\n\n\n\n<li>1 x Obst- \/Br\u00f6tchenkorb<\/li>\n<\/ul>\n<\/details>\n","protected":false},"excerpt":{"rendered":"<p>Die K\u00fcche ist komplett eingerichtet und bietet alles, was das Herz begehrt. Auszug aus der Ausstattung:<\/p>\n","protected":false},"author":1,"featured_media":0,"parent":0,"menu_order":0,"comment_status":"closed","ping_status":"closed","template":"","meta":{"neve_meta_sidebar":"","neve_meta_container":"","neve_meta_enable_content_width":"","neve_meta_content_width":0,"neve_meta_title_alignment":"","neve_meta_author_avatar":"","neve_post_elements_order":"","neve_meta_disable_header":"","neve_meta_disable_footer":"","neve_meta_disable_title":"","_themeisle_gutenberg_block_has_review":false,"footnotes":""},"class_list":["post-75","page","type-page","status-publish","hentry"],"yoast_head":"<!-- This site is optimized with the Yoast SEO plugin v26.3 - https:\/\/yoast.com\/wordpress\/plugins\/seo\/ -->\n<title>K\u00fcche - Fewo Rosenstra\u00dfe<\/title>\n<meta name=\"robots\" content=\"index, follow, max-snippet:-1, max-image-preview:large, max-video-preview:-1\" \/>\n<link rel=\"canonical\" href=\"https:\/\/rosenstrasse-fewo.de\/?page_id=75\" \/>\n<meta property=\"og:locale\" content=\"de_DE\" \/>\n<meta property=\"og:type\" content=\"article\" \/>\n<meta property=\"og:title\" content=\"K\u00fcche - Fewo Rosenstra\u00dfe\" \/>\n<meta property=\"og:description\" content=\"Die K\u00fcche ist komplett eingerichtet und bietet alles, was das Herz begehrt. Auszug aus der Ausstattung:\" \/>\n<meta property=\"og:url\" content=\"https:\/\/rosenstrasse-fewo.de\/?page_id=75\" \/>\n<meta property=\"og:site_name\" content=\"Fewo Rosenstra\u00dfe\" \/>\n<meta property=\"article:publisher\" content=\"https:\/\/www.facebook.com\/profile.php?id=61581230256860\" \/>\n<meta property=\"article:modified_time\" content=\"2025-11-08T14:56:39+00:00\" \/>\n<meta property=\"og:image\" content=\"https:\/\/xn--fewo-rosenstrae-3ib.de\/wp-content\/uploads\/2025\/08\/kueche-1-scaled.jpg\" \/>\n<meta name=\"twitter:card\" content=\"summary_large_image\" \/>\n<meta name=\"twitter:label1\" content=\"Gesch\u00e4tzte Lesezeit\" \/>\n\t<meta name=\"twitter:data1\" content=\"1\u00a0Minute\" \/>\n<script type=\"application\/ld+json\" class=\"yoast-schema-graph\">{\"@context\":\"https:\/\/schema.org\",\"@graph\":[{\"@type\":\"WebPage\",\"@id\":\"https:\/\/rosenstrasse-fewo.de\/?page_id=75\",\"url\":\"https:\/\/rosenstrasse-fewo.de\/?page_id=75\",\"name\":\"K\u00fcche - Fewo Rosenstra\u00dfe\",\"isPartOf\":{\"@id\":\"https:\/\/rosenstrasse-fewo.de\/#website\"},\"primaryImageOfPage\":{\"@id\":\"https:\/\/rosenstrasse-fewo.de\/?page_id=75#primaryimage\"},\"image\":{\"@id\":\"https:\/\/rosenstrasse-fewo.de\/?page_id=75#primaryimage\"},\"thumbnailUrl\":\"https:\/\/xn--fewo-rosenstrae-3ib.de\/wp-content\/uploads\/2025\/08\/kueche-1-scaled.jpg\",\"datePublished\":\"2025-11-08T14:56:37+00:00\",\"dateModified\":\"2025-11-08T14:56:39+00:00\",\"breadcrumb\":{\"@id\":\"https:\/\/rosenstrasse-fewo.de\/?page_id=75#breadcrumb\"},\"inLanguage\":\"de\",\"potentialAction\":[{\"@type\":\"ReadAction\",\"target\":[\"https:\/\/rosenstrasse-fewo.de\/?page_id=75\"]}]},{\"@type\":\"ImageObject\",\"inLanguage\":\"de\",\"@id\":\"https:\/\/rosenstrasse-fewo.de\/?page_id=75#primaryimage\",\"url\":\"https:\/\/xn--fewo-rosenstrae-3ib.de\/wp-content\/uploads\/2025\/08\/kueche-1-scaled.jpg\",\"contentUrl\":\"https:\/\/xn--fewo-rosenstrae-3ib.de\/wp-content\/uploads\/2025\/08\/kueche-1-scaled.jpg\"},{\"@type\":\"BreadcrumbList\",\"@id\":\"https:\/\/rosenstrasse-fewo.de\/?page_id=75#breadcrumb\",\"itemListElement\":[{\"@type\":\"ListItem\",\"position\":1,\"name\":\"Startseite\",\"item\":\"https:\/\/rosenstrasse-fewo.de\/\"},{\"@type\":\"ListItem\",\"position\":2,\"name\":\"K\u00fcche\"}]},{\"@type\":\"WebSite\",\"@id\":\"https:\/\/rosenstrasse-fewo.de\/#website\",\"url\":\"https:\/\/rosenstrasse-fewo.de\/\",\"name\":\"Fewo Rosenstra\u00dfe\",\"description\":\"49740 Hasel\u00fcnne\",\"publisher\":{\"@id\":\"https:\/\/rosenstrasse-fewo.de\/#organization\"},\"alternateName\":\"Ferienwohnung Rosenstrasse Hasel\u00fcnne\",\"potentialAction\":[{\"@type\":\"SearchAction\",\"target\":{\"@type\":\"EntryPoint\",\"urlTemplate\":\"https:\/\/rosenstrasse-fewo.de\/?s={search_term_string}\"},\"query-input\":{\"@type\":\"PropertyValueSpecification\",\"valueRequired\":true,\"valueName\":\"search_term_string\"}}],\"inLanguage\":\"de\"},{\"@type\":\"Organization\",\"@id\":\"https:\/\/rosenstrasse-fewo.de\/#organization\",\"name\":\"Ferienwohnung Rosenstrasse\",\"alternateName\":\"Ferienwohnung Hasel\u00fcnne\",\"url\":\"https:\/\/rosenstrasse-fewo.de\/\",\"logo\":{\"@type\":\"ImageObject\",\"inLanguage\":\"de\",\"@id\":\"https:\/\/rosenstrasse-fewo.de\/#\/schema\/logo\/image\/\",\"url\":\"https:\/\/rosenstrasse-fewo.de\/wp-content\/uploads\/2025\/11\/cropped-Logo.jpg\",\"contentUrl\":\"https:\/\/rosenstrasse-fewo.de\/wp-content\/uploads\/2025\/11\/cropped-Logo.jpg\",\"width\":512,\"height\":512,\"caption\":\"Ferienwohnung Rosenstrasse\"},\"image\":{\"@id\":\"https:\/\/rosenstrasse-fewo.de\/#\/schema\/logo\/image\/\"},\"sameAs\":[\"https:\/\/www.facebook.com\/profile.php?id=61581230256860\"]}]}<\/script>\n<!-- \/ Yoast SEO plugin. -->","yoast_head_json":{"title":"K\u00fcche - Fewo Rosenstra\u00dfe","robots":{"index":"index","follow":"follow","max-snippet":"max-snippet:-1","max-image-preview":"max-image-preview:large","max-video-preview":"max-video-preview:-1"},"canonical":"https:\/\/rosenstrasse-fewo.de\/?page_id=75","og_locale":"de_DE","og_type":"article","og_title":"K\u00fcche - Fewo Rosenstra\u00dfe","og_description":"Die K\u00fcche ist komplett eingerichtet und bietet alles, was das Herz begehrt. Auszug aus der Ausstattung:","og_url":"https:\/\/rosenstrasse-fewo.de\/?page_id=75","og_site_name":"Fewo Rosenstra\u00dfe","article_publisher":"https:\/\/www.facebook.com\/profile.php?id=61581230256860","article_modified_time":"2025-11-08T14:56:39+00:00","og_image":[{"url":"https:\/\/xn--fewo-rosenstrae-3ib.de\/wp-content\/uploads\/2025\/08\/kueche-1-scaled.jpg","type":"","width":"","height":""}],"twitter_card":"summary_large_image","twitter_misc":{"Gesch\u00e4tzte Lesezeit":"1\u00a0Minute"},"schema":{"@context":"https:\/\/schema.org","@graph":[{"@type":"WebPage","@id":"https:\/\/rosenstrasse-fewo.de\/?page_id=75","url":"https:\/\/rosenstrasse-fewo.de\/?page_id=75","name":"K\u00fcche - Fewo Rosenstra\u00dfe","isPartOf":{"@id":"https:\/\/rosenstrasse-fewo.de\/#website"},"primaryImageOfPage":{"@id":"https:\/\/rosenstrasse-fewo.de\/?page_id=75#primaryimage"},"image":{"@id":"https:\/\/rosenstrasse-fewo.de\/?page_id=75#primaryimage"},"thumbnailUrl":"https:\/\/xn--fewo-rosenstrae-3ib.de\/wp-content\/uploads\/2025\/08\/kueche-1-scaled.jpg","datePublished":"2025-11-08T14:56:37+00:00","dateModified":"2025-11-08T14:56:39+00:00","breadcrumb":{"@id":"https:\/\/rosenstrasse-fewo.de\/?page_id=75#breadcrumb"},"inLanguage":"de","potentialAction":[{"@type":"ReadAction","target":["https:\/\/rosenstrasse-fewo.de\/?page_id=75"]}]},{"@type":"ImageObject","inLanguage":"de","@id":"https:\/\/rosenstrasse-fewo.de\/?page_id=75#primaryimage","url":"https:\/\/xn--fewo-rosenstrae-3ib.de\/wp-content\/uploads\/2025\/08\/kueche-1-scaled.jpg","contentUrl":"https:\/\/xn--fewo-rosenstrae-3ib.de\/wp-content\/uploads\/2025\/08\/kueche-1-scaled.jpg"},{"@type":"BreadcrumbList","@id":"https:\/\/rosenstrasse-fewo.de\/?page_id=75#breadcrumb","itemListElement":[{"@type":"ListItem","position":1,"name":"Startseite","item":"https:\/\/rosenstrasse-fewo.de\/"},{"@type":"ListItem","position":2,"name":"K\u00fcche"}]},{"@type":"WebSite","@id":"https:\/\/rosenstrasse-fewo.de\/#website","url":"https:\/\/rosenstrasse-fewo.de\/","name":"Fewo Rosenstra\u00dfe","description":"49740 Hasel\u00fcnne","publisher":{"@id":"https:\/\/rosenstrasse-fewo.de\/#organization"},"alternateName":"Ferienwohnung Rosenstrasse Hasel\u00fcnne","potentialAction":[{"@type":"SearchAction","target":{"@type":"EntryPoint","urlTemplate":"https:\/\/rosenstrasse-fewo.de\/?s={search_term_string}"},"query-input":{"@type":"PropertyValueSpecification","valueRequired":true,"valueName":"search_term_string"}}],"inLanguage":"de"},{"@type":"Organization","@id":"https:\/\/rosenstrasse-fewo.de\/#organization","name":"Ferienwohnung Rosenstrasse","alternateName":"Ferienwohnung Hasel\u00fcnne","url":"https:\/\/rosenstrasse-fewo.de\/","logo":{"@type":"ImageObject","inLanguage":"de","@id":"https:\/\/rosenstrasse-fewo.de\/#\/schema\/logo\/image\/","url":"https:\/\/rosenstrasse-fewo.de\/wp-content\/uploads\/2025\/11\/cropped-Logo.jpg","contentUrl":"https:\/\/rosenstrasse-fewo.de\/wp-content\/uploads\/2025\/11\/cropped-Logo.jpg","width":512,"height":512,"caption":"Ferienwohnung Rosenstrasse"},"image":{"@id":"https:\/\/rosenstrasse-fewo.de\/#\/schema\/logo\/image\/"},"sameAs":["https:\/\/www.facebook.com\/profile.php?id=61581230256860"]}]}},"_links":{"self":[{"href":"https:\/\/rosenstrasse-fewo.de\/index.php?rest_route=\/wp\/v2\/pages\/75","targetHints":{"allow":["GET"]}}],"collection":[{"href":"https:\/\/rosenstrasse-fewo.de\/index.php?rest_route=\/wp\/v2\/pages"}],"about":[{"href":"https:\/\/rosenstrasse-fewo.de\/index.php?rest_route=\/wp\/v2\/types\/page"}],"author":[{"embeddable":true,"href":"https:\/\/rosenstrasse-fewo.de\/index.php?rest_route=\/wp\/v2\/users\/1"}],"replies":[{"embeddable":true,"href":"https:\/\/rosenstrasse-fewo.de\/index.php?rest_route=%2Fwp%2Fv2%2Fcomments&post=75"}],"version-history":[{"count":1,"href":"https:\/\/rosenstrasse-fewo.de\/index.php?rest_route=\/wp\/v2\/pages\/75\/revisions"}],"predecessor-version":[{"id":76,"href":"https:\/\/rosenstrasse-fewo.de\/index.php?rest_route=\/wp\/v2\/pages\/75\/revisions\/76"}],"wp:attachment":[{"href":"https:\/\/rosenstrasse-fewo.de\/index.php?rest_route=%2Fwp%2Fv2%2Fmedia&parent=75"}],"curies":[{"name":"wp","href":"https:\/\/api.w.org\/{rel}","templated":true}]}}