{"id":66,"date":"2025-11-08T14:48:57","date_gmt":"2025-11-08T14:48:57","guid":{"rendered":"https:\/\/rosenstrasse-fewo.de\/?page_id=66"},"modified":"2025-11-08T14:48:58","modified_gmt":"2025-11-08T14:48:58","slug":"wohnzimmer","status":"publish","type":"page","link":"https:\/\/rosenstrasse-fewo.de\/?page_id=66","title":{"rendered":"Wohnzimmer"},"content":{"rendered":"\n<p><\/p>\n\n\n\n<div id=\"wp-block-themeisle-blocks-slider-b6b9c579\" class=\"wp-block-themeisle-blocks-slider glide\" data-per-view=\"1\" data-gap=\"0\" data-peek=\"0\" data-autoplay=\"false\" data-height=\"450px\" data-hide-arrows=\"false\"><div class=\"glide__track\" data-glide-el=\"track\"><div class=\"glide__slides\"><div class=\"wp-block-themeisle-blocks-slider-item-wrapper glide__slide\" tabindex=\"0\"><figure><img decoding=\"async\" class=\"wp-block-themeisle-blocks-slider-item\" src=\"https:\/\/xn--fewo-rosenstrae-3ib.de\/wp-content\/uploads\/2025\/08\/wz-2-scaled.jpg\" alt=\"Wohnzimmer\" title=\"Wohnzimmer\" data-id=\"60\"\/><\/figure><\/div><div class=\"wp-block-themeisle-blocks-slider-item-wrapper glide__slide\" tabindex=\"0\"><figure><img decoding=\"async\" class=\"wp-block-themeisle-blocks-slider-item\" src=\"https:\/\/xn--fewo-rosenstrae-3ib.de\/wp-content\/uploads\/2025\/08\/wz-3-scaled.jpg\" alt=\"\" title=\"\" data-id=\"61\"\/><\/figure><\/div><div class=\"wp-block-themeisle-blocks-slider-item-wrapper glide__slide\" tabindex=\"0\"><figure><img decoding=\"async\" class=\"wp-block-themeisle-blocks-slider-item\" src=\"https:\/\/xn--fewo-rosenstrae-3ib.de\/wp-content\/uploads\/2025\/08\/wz-1-scaled.jpg\" alt=\"\" title=\"\" data-id=\"59\"\/><\/figure><\/div><\/div><div class=\"glide__bullets\" data-glide-el=\"controls[nav]\"><button class=\"glide__bullet\" data-glide-dir=\"=0\"><\/button><button class=\"glide__bullet\" data-glide-dir=\"=1\"><\/button><button class=\"glide__bullet\" data-glide-dir=\"=2\"><\/button><\/div><\/div><\/div>\n\n\n\n<p><\/p>\n\n\n\n<p><strong>Das Wohnzimmer l\u00e4dt zum gem\u00fctlichen Verweilen ein.<\/strong><br><br>Ausstattung<\/p>\n\n\n\n<ul class=\"wp-block-list\">\n<li>Eckcouch mit Schlaffunktion, Kissen und Kuscheldecken<\/li>\n\n\n\n<li>runder Esstisch mit 4 St\u00fchlen<\/li>\n\n\n\n<li>Sideboard<\/li>\n\n\n\n<li>Spiele (Spielesammlung, Kniffel, Memory, 4 Gewinnt)<\/li>\n\n\n\n<li>Spiele f\u00fcr die kleinsten: Holzeisenbahn, Spieleteppich<\/li>\n\n\n\n<li>Zugang zum Balkon<\/li>\n\n\n\n<li>Balkont\u00fcr mit Plissee ausgestattet<\/li>\n\n\n\n<li>elektrisch betriebene Au\u00dfenrollade<\/li>\n\n\n\n<li>42&#8243; Flachfernseher mit Satellitenempfang. Der Fernseher ist ein Smart TV und hat die Apps von Netflix und Co. installiert. So k\u00f6nnen Sie sich gerne mit Ihrem Account in die jeweilige App einloggen, um auf Streamingportale zuzugreifen.<\/li>\n<\/ul>\n\n\n\n<p><\/p>\n","protected":false},"excerpt":{"rendered":"<p>Das Wohnzimmer l\u00e4dt zum gem\u00fctlichen Verweilen ein. Ausstattung<\/p>\n","protected":false},"author":1,"featured_media":0,"parent":0,"menu_order":0,"comment_status":"closed","ping_status":"closed","template":"","meta":{"neve_meta_sidebar":"","neve_meta_container":"","neve_meta_enable_content_width":"","neve_meta_content_width":0,"neve_meta_title_alignment":"","neve_meta_author_avatar":"","neve_post_elements_order":"","neve_meta_disable_header":"","neve_meta_disable_footer":"","neve_meta_disable_title":"","_themeisle_gutenberg_block_has_review":false,"footnotes":""},"class_list":["post-66","page","type-page","status-publish","hentry"],"yoast_head":"<!-- This site is optimized with the Yoast SEO plugin v26.3 - https:\/\/yoast.com\/wordpress\/plugins\/seo\/ -->\n<title>Wohnzimmer - Fewo Rosenstra\u00dfe<\/title>\n<meta name=\"robots\" content=\"index, follow, max-snippet:-1, max-image-preview:large, max-video-preview:-1\" \/>\n<link rel=\"canonical\" href=\"https:\/\/rosenstrasse-fewo.de\/?page_id=66\" \/>\n<meta property=\"og:locale\" content=\"de_DE\" \/>\n<meta property=\"og:type\" content=\"article\" \/>\n<meta property=\"og:title\" content=\"Wohnzimmer - Fewo Rosenstra\u00dfe\" \/>\n<meta property=\"og:description\" content=\"Das Wohnzimmer l\u00e4dt zum gem\u00fctlichen Verweilen ein. Ausstattung\" \/>\n<meta property=\"og:url\" content=\"https:\/\/rosenstrasse-fewo.de\/?page_id=66\" \/>\n<meta property=\"og:site_name\" content=\"Fewo Rosenstra\u00dfe\" \/>\n<meta property=\"article:publisher\" content=\"https:\/\/www.facebook.com\/profile.php?id=61581230256860\" \/>\n<meta property=\"article:modified_time\" content=\"2025-11-08T14:48:58+00:00\" \/>\n<meta property=\"og:image\" content=\"https:\/\/xn--fewo-rosenstrae-3ib.de\/wp-content\/uploads\/2025\/08\/wz-2-scaled.jpg\" \/>\n<meta name=\"twitter:card\" content=\"summary_large_image\" \/>\n<script type=\"application\/ld+json\" class=\"yoast-schema-graph\">{\"@context\":\"https:\/\/schema.org\",\"@graph\":[{\"@type\":\"WebPage\",\"@id\":\"https:\/\/rosenstrasse-fewo.de\/?page_id=66\",\"url\":\"https:\/\/rosenstrasse-fewo.de\/?page_id=66\",\"name\":\"Wohnzimmer - Fewo Rosenstra\u00dfe\",\"isPartOf\":{\"@id\":\"https:\/\/rosenstrasse-fewo.de\/#website\"},\"primaryImageOfPage\":{\"@id\":\"https:\/\/rosenstrasse-fewo.de\/?page_id=66#primaryimage\"},\"image\":{\"@id\":\"https:\/\/rosenstrasse-fewo.de\/?page_id=66#primaryimage\"},\"thumbnailUrl\":\"https:\/\/xn--fewo-rosenstrae-3ib.de\/wp-content\/uploads\/2025\/08\/wz-2-scaled.jpg\",\"datePublished\":\"2025-11-08T14:48:57+00:00\",\"dateModified\":\"2025-11-08T14:48:58+00:00\",\"breadcrumb\":{\"@id\":\"https:\/\/rosenstrasse-fewo.de\/?page_id=66#breadcrumb\"},\"inLanguage\":\"de\",\"potentialAction\":[{\"@type\":\"ReadAction\",\"target\":[\"https:\/\/rosenstrasse-fewo.de\/?page_id=66\"]}]},{\"@type\":\"ImageObject\",\"inLanguage\":\"de\",\"@id\":\"https:\/\/rosenstrasse-fewo.de\/?page_id=66#primaryimage\",\"url\":\"https:\/\/xn--fewo-rosenstrae-3ib.de\/wp-content\/uploads\/2025\/08\/wz-2-scaled.jpg\",\"contentUrl\":\"https:\/\/xn--fewo-rosenstrae-3ib.de\/wp-content\/uploads\/2025\/08\/wz-2-scaled.jpg\"},{\"@type\":\"BreadcrumbList\",\"@id\":\"https:\/\/rosenstrasse-fewo.de\/?page_id=66#breadcrumb\",\"itemListElement\":[{\"@type\":\"ListItem\",\"position\":1,\"name\":\"Startseite\",\"item\":\"https:\/\/rosenstrasse-fewo.de\/\"},{\"@type\":\"ListItem\",\"position\":2,\"name\":\"Wohnzimmer\"}]},{\"@type\":\"WebSite\",\"@id\":\"https:\/\/rosenstrasse-fewo.de\/#website\",\"url\":\"https:\/\/rosenstrasse-fewo.de\/\",\"name\":\"Fewo Rosenstra\u00dfe\",\"description\":\"49740 Hasel\u00fcnne\",\"publisher\":{\"@id\":\"https:\/\/rosenstrasse-fewo.de\/#organization\"},\"alternateName\":\"Ferienwohnung Rosenstrasse Hasel\u00fcnne\",\"potentialAction\":[{\"@type\":\"SearchAction\",\"target\":{\"@type\":\"EntryPoint\",\"urlTemplate\":\"https:\/\/rosenstrasse-fewo.de\/?s={search_term_string}\"},\"query-input\":{\"@type\":\"PropertyValueSpecification\",\"valueRequired\":true,\"valueName\":\"search_term_string\"}}],\"inLanguage\":\"de\"},{\"@type\":\"Organization\",\"@id\":\"https:\/\/rosenstrasse-fewo.de\/#organization\",\"name\":\"Ferienwohnung Rosenstrasse\",\"alternateName\":\"Ferienwohnung Hasel\u00fcnne\",\"url\":\"https:\/\/rosenstrasse-fewo.de\/\",\"logo\":{\"@type\":\"ImageObject\",\"inLanguage\":\"de\",\"@id\":\"https:\/\/rosenstrasse-fewo.de\/#\/schema\/logo\/image\/\",\"url\":\"https:\/\/rosenstrasse-fewo.de\/wp-content\/uploads\/2025\/11\/cropped-Logo.jpg\",\"contentUrl\":\"https:\/\/rosenstrasse-fewo.de\/wp-content\/uploads\/2025\/11\/cropped-Logo.jpg\",\"width\":512,\"height\":512,\"caption\":\"Ferienwohnung Rosenstrasse\"},\"image\":{\"@id\":\"https:\/\/rosenstrasse-fewo.de\/#\/schema\/logo\/image\/\"},\"sameAs\":[\"https:\/\/www.facebook.com\/profile.php?id=61581230256860\"]}]}<\/script>\n<!-- \/ Yoast SEO plugin. -->","yoast_head_json":{"title":"Wohnzimmer - Fewo Rosenstra\u00dfe","robots":{"index":"index","follow":"follow","max-snippet":"max-snippet:-1","max-image-preview":"max-image-preview:large","max-video-preview":"max-video-preview:-1"},"canonical":"https:\/\/rosenstrasse-fewo.de\/?page_id=66","og_locale":"de_DE","og_type":"article","og_title":"Wohnzimmer - Fewo Rosenstra\u00dfe","og_description":"Das Wohnzimmer l\u00e4dt zum gem\u00fctlichen Verweilen ein. Ausstattung","og_url":"https:\/\/rosenstrasse-fewo.de\/?page_id=66","og_site_name":"Fewo Rosenstra\u00dfe","article_publisher":"https:\/\/www.facebook.com\/profile.php?id=61581230256860","article_modified_time":"2025-11-08T14:48:58+00:00","og_image":[{"url":"https:\/\/xn--fewo-rosenstrae-3ib.de\/wp-content\/uploads\/2025\/08\/wz-2-scaled.jpg","type":"","width":"","height":""}],"twitter_card":"summary_large_image","schema":{"@context":"https:\/\/schema.org","@graph":[{"@type":"WebPage","@id":"https:\/\/rosenstrasse-fewo.de\/?page_id=66","url":"https:\/\/rosenstrasse-fewo.de\/?page_id=66","name":"Wohnzimmer - Fewo Rosenstra\u00dfe","isPartOf":{"@id":"https:\/\/rosenstrasse-fewo.de\/#website"},"primaryImageOfPage":{"@id":"https:\/\/rosenstrasse-fewo.de\/?page_id=66#primaryimage"},"image":{"@id":"https:\/\/rosenstrasse-fewo.de\/?page_id=66#primaryimage"},"thumbnailUrl":"https:\/\/xn--fewo-rosenstrae-3ib.de\/wp-content\/uploads\/2025\/08\/wz-2-scaled.jpg","datePublished":"2025-11-08T14:48:57+00:00","dateModified":"2025-11-08T14:48:58+00:00","breadcrumb":{"@id":"https:\/\/rosenstrasse-fewo.de\/?page_id=66#breadcrumb"},"inLanguage":"de","potentialAction":[{"@type":"ReadAction","target":["https:\/\/rosenstrasse-fewo.de\/?page_id=66"]}]},{"@type":"ImageObject","inLanguage":"de","@id":"https:\/\/rosenstrasse-fewo.de\/?page_id=66#primaryimage","url":"https:\/\/xn--fewo-rosenstrae-3ib.de\/wp-content\/uploads\/2025\/08\/wz-2-scaled.jpg","contentUrl":"https:\/\/xn--fewo-rosenstrae-3ib.de\/wp-content\/uploads\/2025\/08\/wz-2-scaled.jpg"},{"@type":"BreadcrumbList","@id":"https:\/\/rosenstrasse-fewo.de\/?page_id=66#breadcrumb","itemListElement":[{"@type":"ListItem","position":1,"name":"Startseite","item":"https:\/\/rosenstrasse-fewo.de\/"},{"@type":"ListItem","position":2,"name":"Wohnzimmer"}]},{"@type":"WebSite","@id":"https:\/\/rosenstrasse-fewo.de\/#website","url":"https:\/\/rosenstrasse-fewo.de\/","name":"Fewo Rosenstra\u00dfe","description":"49740 Hasel\u00fcnne","publisher":{"@id":"https:\/\/rosenstrasse-fewo.de\/#organization"},"alternateName":"Ferienwohnung Rosenstrasse Hasel\u00fcnne","potentialAction":[{"@type":"SearchAction","target":{"@type":"EntryPoint","urlTemplate":"https:\/\/rosenstrasse-fewo.de\/?s={search_term_string}"},"query-input":{"@type":"PropertyValueSpecification","valueRequired":true,"valueName":"search_term_string"}}],"inLanguage":"de"},{"@type":"Organization","@id":"https:\/\/rosenstrasse-fewo.de\/#organization","name":"Ferienwohnung Rosenstrasse","alternateName":"Ferienwohnung Hasel\u00fcnne","url":"https:\/\/rosenstrasse-fewo.de\/","logo":{"@type":"ImageObject","inLanguage":"de","@id":"https:\/\/rosenstrasse-fewo.de\/#\/schema\/logo\/image\/","url":"https:\/\/rosenstrasse-fewo.de\/wp-content\/uploads\/2025\/11\/cropped-Logo.jpg","contentUrl":"https:\/\/rosenstrasse-fewo.de\/wp-content\/uploads\/2025\/11\/cropped-Logo.jpg","width":512,"height":512,"caption":"Ferienwohnung Rosenstrasse"},"image":{"@id":"https:\/\/rosenstrasse-fewo.de\/#\/schema\/logo\/image\/"},"sameAs":["https:\/\/www.facebook.com\/profile.php?id=61581230256860"]}]}},"_links":{"self":[{"href":"https:\/\/rosenstrasse-fewo.de\/index.php?rest_route=\/wp\/v2\/pages\/66","targetHints":{"allow":["GET"]}}],"collection":[{"href":"https:\/\/rosenstrasse-fewo.de\/index.php?rest_route=\/wp\/v2\/pages"}],"about":[{"href":"https:\/\/rosenstrasse-fewo.de\/index.php?rest_route=\/wp\/v2\/types\/page"}],"author":[{"embeddable":true,"href":"https:\/\/rosenstrasse-fewo.de\/index.php?rest_route=\/wp\/v2\/users\/1"}],"replies":[{"embeddable":true,"href":"https:\/\/rosenstrasse-fewo.de\/index.php?rest_route=%2Fwp%2Fv2%2Fcomments&post=66"}],"version-history":[{"count":1,"href":"https:\/\/rosenstrasse-fewo.de\/index.php?rest_route=\/wp\/v2\/pages\/66\/revisions"}],"predecessor-version":[{"id":67,"href":"https:\/\/rosenstrasse-fewo.de\/index.php?rest_route=\/wp\/v2\/pages\/66\/revisions\/67"}],"wp:attachment":[{"href":"https:\/\/rosenstrasse-fewo.de\/index.php?rest_route=%2Fwp%2Fv2%2Fmedia&parent=66"}],"curies":[{"name":"wp","href":"https:\/\/api.w.org\/{rel}","templated":true}]}}