{"id":59,"date":"2025-11-08T14:30:14","date_gmt":"2025-11-08T14:30:14","guid":{"rendered":"https:\/\/rosenstrasse-fewo.de\/?page_id=59"},"modified":"2025-11-08T14:30:15","modified_gmt":"2025-11-08T14:30:15","slug":"impressum","status":"publish","type":"page","link":"https:\/\/rosenstrasse-fewo.de\/?page_id=59","title":{"rendered":"Impressum"},"content":{"rendered":"\n<p>Angaben gem\u00e4\u00df \u00a7 5 DDG<\/p>\n\n\n\n<p><\/p>\n\n\n\n<h2 class=\"wp-block-heading\">Dienstanbieter und Verantwortlich f\u00fcr den Inhalt<\/h2>\n\n\n\n<p>Annika Lake<br>K\u00f6nigsberger Str. 22<br>49740 Hasel\u00fcnne<br><br>Mail: feworosenstrasse@gmail.com<\/p>\n\n\n\n<p><\/p>\n","protected":false},"excerpt":{"rendered":"<p>Angaben gem\u00e4\u00df \u00a7 5 DDG Dienstanbieter und Verantwortlich f\u00fcr den Inhalt Annika LakeK\u00f6nigsberger Str. 2249740 Hasel\u00fcnne Mail: feworosenstrasse@gmail.com<\/p>\n","protected":false},"author":1,"featured_media":0,"parent":0,"menu_order":0,"comment_status":"closed","ping_status":"closed","template":"","meta":{"neve_meta_sidebar":"","neve_meta_container":"","neve_meta_enable_content_width":"","neve_meta_content_width":0,"neve_meta_title_alignment":"","neve_meta_author_avatar":"","neve_post_elements_order":"","neve_meta_disable_header":"","neve_meta_disable_footer":"","neve_meta_disable_title":"","_themeisle_gutenberg_block_has_review":false,"footnotes":""},"class_list":["post-59","page","type-page","status-publish","hentry"],"yoast_head":"<!-- This site is optimized with the Yoast SEO plugin v26.3 - https:\/\/yoast.com\/wordpress\/plugins\/seo\/ -->\n<title>Impressum - Fewo Rosenstra\u00dfe<\/title>\n<meta name=\"robots\" content=\"index, follow, max-snippet:-1, max-image-preview:large, max-video-preview:-1\" \/>\n<link rel=\"canonical\" href=\"https:\/\/rosenstrasse-fewo.de\/?page_id=59\" \/>\n<meta property=\"og:locale\" content=\"de_DE\" \/>\n<meta property=\"og:type\" content=\"article\" \/>\n<meta property=\"og:title\" content=\"Impressum - Fewo Rosenstra\u00dfe\" \/>\n<meta property=\"og:description\" content=\"Angaben gem\u00e4\u00df \u00a7 5 DDG Dienstanbieter und Verantwortlich f\u00fcr den Inhalt Annika LakeK\u00f6nigsberger Str. 2249740 Hasel\u00fcnne Mail: feworosenstrasse@gmail.com\" \/>\n<meta property=\"og:url\" content=\"https:\/\/rosenstrasse-fewo.de\/?page_id=59\" \/>\n<meta property=\"og:site_name\" content=\"Fewo Rosenstra\u00dfe\" \/>\n<meta property=\"article:publisher\" content=\"https:\/\/www.facebook.com\/profile.php?id=61581230256860\" \/>\n<meta property=\"article:modified_time\" content=\"2025-11-08T14:30:15+00:00\" \/>\n<meta property=\"og:image\" content=\"https:\/\/rosenstrasse-fewo.de\/wp-content\/uploads\/2025\/11\/WZ_1-scaled.jpg\" \/>\n\t<meta property=\"og:image:width\" content=\"1920\" \/>\n\t<meta property=\"og:image:height\" content=\"2560\" \/>\n\t<meta property=\"og:image:type\" content=\"image\/jpeg\" \/>\n<meta name=\"twitter:card\" content=\"summary_large_image\" \/>\n<script type=\"application\/ld+json\" class=\"yoast-schema-graph\">{\"@context\":\"https:\/\/schema.org\",\"@graph\":[{\"@type\":\"WebPage\",\"@id\":\"https:\/\/rosenstrasse-fewo.de\/?page_id=59\",\"url\":\"https:\/\/rosenstrasse-fewo.de\/?page_id=59\",\"name\":\"Impressum - Fewo Rosenstra\u00dfe\",\"isPartOf\":{\"@id\":\"https:\/\/rosenstrasse-fewo.de\/#website\"},\"datePublished\":\"2025-11-08T14:30:14+00:00\",\"dateModified\":\"2025-11-08T14:30:15+00:00\",\"breadcrumb\":{\"@id\":\"https:\/\/rosenstrasse-fewo.de\/?page_id=59#breadcrumb\"},\"inLanguage\":\"de\",\"potentialAction\":[{\"@type\":\"ReadAction\",\"target\":[\"https:\/\/rosenstrasse-fewo.de\/?page_id=59\"]}]},{\"@type\":\"BreadcrumbList\",\"@id\":\"https:\/\/rosenstrasse-fewo.de\/?page_id=59#breadcrumb\",\"itemListElement\":[{\"@type\":\"ListItem\",\"position\":1,\"name\":\"Startseite\",\"item\":\"https:\/\/rosenstrasse-fewo.de\/\"},{\"@type\":\"ListItem\",\"position\":2,\"name\":\"Impressum\"}]},{\"@type\":\"WebSite\",\"@id\":\"https:\/\/rosenstrasse-fewo.de\/#website\",\"url\":\"https:\/\/rosenstrasse-fewo.de\/\",\"name\":\"Fewo Rosenstra\u00dfe\",\"description\":\"49740 Hasel\u00fcnne\",\"publisher\":{\"@id\":\"https:\/\/rosenstrasse-fewo.de\/#organization\"},\"alternateName\":\"Ferienwohnung Rosenstrasse Hasel\u00fcnne\",\"potentialAction\":[{\"@type\":\"SearchAction\",\"target\":{\"@type\":\"EntryPoint\",\"urlTemplate\":\"https:\/\/rosenstrasse-fewo.de\/?s={search_term_string}\"},\"query-input\":{\"@type\":\"PropertyValueSpecification\",\"valueRequired\":true,\"valueName\":\"search_term_string\"}}],\"inLanguage\":\"de\"},{\"@type\":\"Organization\",\"@id\":\"https:\/\/rosenstrasse-fewo.de\/#organization\",\"name\":\"Ferienwohnung Rosenstrasse\",\"alternateName\":\"Ferienwohnung Hasel\u00fcnne\",\"url\":\"https:\/\/rosenstrasse-fewo.de\/\",\"logo\":{\"@type\":\"ImageObject\",\"inLanguage\":\"de\",\"@id\":\"https:\/\/rosenstrasse-fewo.de\/#\/schema\/logo\/image\/\",\"url\":\"https:\/\/rosenstrasse-fewo.de\/wp-content\/uploads\/2025\/11\/cropped-Logo.jpg\",\"contentUrl\":\"https:\/\/rosenstrasse-fewo.de\/wp-content\/uploads\/2025\/11\/cropped-Logo.jpg\",\"width\":512,\"height\":512,\"caption\":\"Ferienwohnung Rosenstrasse\"},\"image\":{\"@id\":\"https:\/\/rosenstrasse-fewo.de\/#\/schema\/logo\/image\/\"},\"sameAs\":[\"https:\/\/www.facebook.com\/profile.php?id=61581230256860\"]}]}<\/script>\n<!-- \/ Yoast SEO plugin. -->","yoast_head_json":{"title":"Impressum - Fewo Rosenstra\u00dfe","robots":{"index":"index","follow":"follow","max-snippet":"max-snippet:-1","max-image-preview":"max-image-preview:large","max-video-preview":"max-video-preview:-1"},"canonical":"https:\/\/rosenstrasse-fewo.de\/?page_id=59","og_locale":"de_DE","og_type":"article","og_title":"Impressum - Fewo Rosenstra\u00dfe","og_description":"Angaben gem\u00e4\u00df \u00a7 5 DDG Dienstanbieter und Verantwortlich f\u00fcr den Inhalt Annika LakeK\u00f6nigsberger Str. 2249740 Hasel\u00fcnne Mail: feworosenstrasse@gmail.com","og_url":"https:\/\/rosenstrasse-fewo.de\/?page_id=59","og_site_name":"Fewo Rosenstra\u00dfe","article_publisher":"https:\/\/www.facebook.com\/profile.php?id=61581230256860","article_modified_time":"2025-11-08T14:30:15+00:00","og_image":[{"width":1920,"height":2560,"url":"https:\/\/rosenstrasse-fewo.de\/wp-content\/uploads\/2025\/11\/WZ_1-scaled.jpg","type":"image\/jpeg"}],"twitter_card":"summary_large_image","schema":{"@context":"https:\/\/schema.org","@graph":[{"@type":"WebPage","@id":"https:\/\/rosenstrasse-fewo.de\/?page_id=59","url":"https:\/\/rosenstrasse-fewo.de\/?page_id=59","name":"Impressum - Fewo Rosenstra\u00dfe","isPartOf":{"@id":"https:\/\/rosenstrasse-fewo.de\/#website"},"datePublished":"2025-11-08T14:30:14+00:00","dateModified":"2025-11-08T14:30:15+00:00","breadcrumb":{"@id":"https:\/\/rosenstrasse-fewo.de\/?page_id=59#breadcrumb"},"inLanguage":"de","potentialAction":[{"@type":"ReadAction","target":["https:\/\/rosenstrasse-fewo.de\/?page_id=59"]}]},{"@type":"BreadcrumbList","@id":"https:\/\/rosenstrasse-fewo.de\/?page_id=59#breadcrumb","itemListElement":[{"@type":"ListItem","position":1,"name":"Startseite","item":"https:\/\/rosenstrasse-fewo.de\/"},{"@type":"ListItem","position":2,"name":"Impressum"}]},{"@type":"WebSite","@id":"https:\/\/rosenstrasse-fewo.de\/#website","url":"https:\/\/rosenstrasse-fewo.de\/","name":"Fewo Rosenstra\u00dfe","description":"49740 Hasel\u00fcnne","publisher":{"@id":"https:\/\/rosenstrasse-fewo.de\/#organization"},"alternateName":"Ferienwohnung Rosenstrasse Hasel\u00fcnne","potentialAction":[{"@type":"SearchAction","target":{"@type":"EntryPoint","urlTemplate":"https:\/\/rosenstrasse-fewo.de\/?s={search_term_string}"},"query-input":{"@type":"PropertyValueSpecification","valueRequired":true,"valueName":"search_term_string"}}],"inLanguage":"de"},{"@type":"Organization","@id":"https:\/\/rosenstrasse-fewo.de\/#organization","name":"Ferienwohnung Rosenstrasse","alternateName":"Ferienwohnung Hasel\u00fcnne","url":"https:\/\/rosenstrasse-fewo.de\/","logo":{"@type":"ImageObject","inLanguage":"de","@id":"https:\/\/rosenstrasse-fewo.de\/#\/schema\/logo\/image\/","url":"https:\/\/rosenstrasse-fewo.de\/wp-content\/uploads\/2025\/11\/cropped-Logo.jpg","contentUrl":"https:\/\/rosenstrasse-fewo.de\/wp-content\/uploads\/2025\/11\/cropped-Logo.jpg","width":512,"height":512,"caption":"Ferienwohnung Rosenstrasse"},"image":{"@id":"https:\/\/rosenstrasse-fewo.de\/#\/schema\/logo\/image\/"},"sameAs":["https:\/\/www.facebook.com\/profile.php?id=61581230256860"]}]}},"_links":{"self":[{"href":"https:\/\/rosenstrasse-fewo.de\/index.php?rest_route=\/wp\/v2\/pages\/59","targetHints":{"allow":["GET"]}}],"collection":[{"href":"https:\/\/rosenstrasse-fewo.de\/index.php?rest_route=\/wp\/v2\/pages"}],"about":[{"href":"https:\/\/rosenstrasse-fewo.de\/index.php?rest_route=\/wp\/v2\/types\/page"}],"author":[{"embeddable":true,"href":"https:\/\/rosenstrasse-fewo.de\/index.php?rest_route=\/wp\/v2\/users\/1"}],"replies":[{"embeddable":true,"href":"https:\/\/rosenstrasse-fewo.de\/index.php?rest_route=%2Fwp%2Fv2%2Fcomments&post=59"}],"version-history":[{"count":1,"href":"https:\/\/rosenstrasse-fewo.de\/index.php?rest_route=\/wp\/v2\/pages\/59\/revisions"}],"predecessor-version":[{"id":60,"href":"https:\/\/rosenstrasse-fewo.de\/index.php?rest_route=\/wp\/v2\/pages\/59\/revisions\/60"}],"wp:attachment":[{"href":"https:\/\/rosenstrasse-fewo.de\/index.php?rest_route=%2Fwp%2Fv2%2Fmedia&parent=59"}],"curies":[{"name":"wp","href":"https:\/\/api.w.org\/{rel}","templated":true}]}}