{"id":37,"date":"2025-11-08T13:58:11","date_gmt":"2025-11-08T13:58:11","guid":{"rendered":"https:\/\/rosenstrasse-fewo.de\/?page_id=37"},"modified":"2025-11-10T16:56:27","modified_gmt":"2025-11-10T16:56:27","slug":"willkommen-in-der-ferienwohnung-rosenstrasse","status":"publish","type":"page","link":"https:\/\/rosenstrasse-fewo.de\/","title":{"rendered":"Willkommen in der &#8222;Ferienwohnung Rosenstra\u00dfe&#8220;"},"content":{"rendered":"\n<p><\/p>\n\n\n\n<p><\/p>\n\n\n<div class=\"wp-block-image\">\n<figure class=\"aligncenter is-resized\"><img decoding=\"async\" src=\"https:\/\/xn--fewo-rosenstrae-3ib.de\/wp-content\/uploads\/2025\/08\/wz-1-scaled.jpg\" alt=\"\" class=\"wp-image-59\" style=\"width:545px\"\/><\/figure>\n<\/div>\n\n\n<p><\/p>\n\n\n\n<p><\/p>\n\n\n\n<p><\/p>\n\n\n\n<p>Im wundersch\u00f6nen Emsland befindet sich die ca. 55 qm gro\u00dfe \u201cFerienwohnung Rosenstra\u00dfe\u201d in der Korn- und Hansestadt Hasel\u00fcnne. Gelegen in einer ruhigen Siedlung, finden Sie hier Ruhe und Entspannung pur. Die Wohnung wurde in den Jahren 2024\/2025 kernsaniert.<br>In allen R\u00e4umen wurde hochwertiger Vinylboden verlegt, das komplette Mobiliar neu angeschafft und das Badezimmer modern gefliest und mit zeitgem\u00e4\u00dfem Interieur ausgestattet.<\/p>\n\n\n\n<p>Die Wohnung ist konzipiert f\u00fcr 2 Personen und befindet sich in der 1. Etage eines 2-Parteien Hauses. (Auf Wunsch kann ein Kinderreisebett gestellt werden)<br>Von einem\u00a0<a href=\"https:\/\/xn--fewo-rosenstrae-3ib.de\/flur\/\">Flur<\/a>\u00a0aus gehen folgende Zimmer ab:\u00a0<a href=\"https:\/\/rosenstrasse-fewo.de\/?page_id=70\">Schlafzimmer<\/a>,\u00a0<a href=\"https:\/\/rosenstrasse-fewo.de\/?page_id=66\">Wohnzimmer<\/a>\u00a0mit Zugang zu einem\u00a0<a href=\"https:\/\/rosenstrasse-fewo.de\/?page_id=81\">Balkon<\/a>,\u00a0<a href=\"https:\/\/rosenstrasse-fewo.de\/?page_id=75\">K\u00fcche<\/a>\u00a0und\u00a0<a href=\"https:\/\/rosenstrasse-fewo.de\/?page_id=77\">Badezimmer<\/a>\u00a0mit Dusche. In allen R\u00e4umen sind neue, elektrisch betriebene Au\u00dfenrolladen angebracht und die Fenster mit Fliegengitter versehen. Ein Parkplatz ist direkt am Haus verf\u00fcgbar.<br><br>Die Wohnung ist mit Rauchmeldern ausgestattet.<br><br><strong>Es handelt sich um eine haustierfreie Nichtraucher Wohnung.<br><\/strong><br><br>Besuchen Sie uns gerne und genie\u00dfen Sie eine Auszeit in dieser liebevoll eingerichteten Ferienwohnung.<\/p>\n\n\n\n<p><\/p>\n\n\n\n<p><\/p>\n\n\n<div style=\"height:400pxpx;\" class=\"wp-block-themeisle-blocks-leaflet-map\" id=\"wp-block-themeisle-blocks-leaflet-map-d947b4c3\"><\/div>\n<script type=\"text\/javascript\">\n\t\/* <![CDATA[ *\/\n\t\tif ( ! window.themeisleLeafletMaps ) window.themeisleLeafletMaps =[];\n\t\twindow.themeisleLeafletMaps.push( { container: \"wp-block-themeisle-blocks-leaflet-map-d947b4c3\", attributes: {\"id\":\"wp-block-themeisle-blocks-leaflet-map-d947b4c3\",\"location\":\"Hasel\\u00fcnne Rosenstrasse 8\",\"latitude\":\"52.67133385667872\",\"longitude\":\"7.496323585510255\",\"bbox\":\"7.47121810913086,52.66612889120136,7.521429061889649,52.676538202184126\",\"zoom\":15,\"markers\":[{\"id\":\"a77edac4-a277-46c3-bcaa-f6d88a837b06\",\"latitude\":52.672940764510336,\"longitude\":7.5068646669387826,\"title\":\"Add a title\",\"description\":\"\"}],\"height\":\"400px\",\"zoomControl\":true,\"draggable\":true,\"hasCustomCSS\":false,\"customCSS\":\"\",\"otterConditions\":[]} } );\n\t\/* ]]> *\/\n<\/script>\n\n\n\n<p>#ferienwohnung #hasel\u00fcnne #rosenstrasse # rosenstra\u00dfe #erholung #urlaub<\/p>\n\n\n\n<p><\/p>\n","protected":false},"excerpt":{"rendered":"<p>Im wundersch\u00f6nen Emsland befindet sich die ca. 55 qm gro\u00dfe \u201cFerienwohnung Rosenstra\u00dfe\u201d in der Korn- und Hansestadt Hasel\u00fcnne. Gelegen in einer ruhigen Siedlung, finden Sie hier Ruhe und Entspannung pur. Die Wohnung wurde in den Jahren 2024\/2025 kernsaniert.In allen R\u00e4umen wurde hochwertiger Vinylboden verlegt, das komplette Mobiliar neu angeschafft und das Badezimmer modern gefliest und&hellip;&nbsp;<a href=\"https:\/\/rosenstrasse-fewo.de\/\" rel=\"bookmark\"><span class=\"screen-reader-text\">Willkommen in der &#8222;Ferienwohnung Rosenstra\u00dfe&#8220;<\/span><\/a><\/p>\n","protected":false},"author":1,"featured_media":0,"parent":0,"menu_order":0,"comment_status":"closed","ping_status":"closed","template":"","meta":{"neve_meta_sidebar":"","neve_meta_container":"","neve_meta_enable_content_width":"","neve_meta_content_width":0,"neve_meta_title_alignment":"","neve_meta_author_avatar":"","neve_post_elements_order":"","neve_meta_disable_header":"","neve_meta_disable_footer":"","neve_meta_disable_title":"","_themeisle_gutenberg_block_has_review":false,"footnotes":""},"class_list":["post-37","page","type-page","status-publish","hentry"],"yoast_head":"<!-- This site is optimized with the Yoast SEO plugin v26.3 - https:\/\/yoast.com\/wordpress\/plugins\/seo\/ -->\n<title>Willkommen in der &quot;Ferienwohnung Rosenstra\u00dfe&quot; - Fewo Rosenstra\u00dfe<\/title>\n<meta name=\"robots\" content=\"index, follow, max-snippet:-1, max-image-preview:large, max-video-preview:-1\" \/>\n<link rel=\"canonical\" href=\"https:\/\/rosenstrasse-fewo.de\/\" \/>\n<meta property=\"og:locale\" content=\"de_DE\" \/>\n<meta property=\"og:type\" content=\"article\" \/>\n<meta property=\"og:title\" content=\"Willkommen in der &quot;Ferienwohnung Rosenstra\u00dfe&quot; - Fewo Rosenstra\u00dfe\" \/>\n<meta property=\"og:description\" content=\"Im wundersch\u00f6nen Emsland befindet sich die ca. 55 qm gro\u00dfe \u201cFerienwohnung Rosenstra\u00dfe\u201d in der Korn- und Hansestadt Hasel\u00fcnne. Gelegen in einer ruhigen Siedlung, finden Sie hier Ruhe und Entspannung pur. Die Wohnung wurde in den Jahren 2024\/2025 kernsaniert.In allen R\u00e4umen wurde hochwertiger Vinylboden verlegt, das komplette Mobiliar neu angeschafft und das Badezimmer modern gefliest und&hellip;&nbsp;Willkommen in der &#8222;Ferienwohnung Rosenstra\u00dfe&#8220;\" \/>\n<meta property=\"og:url\" content=\"https:\/\/rosenstrasse-fewo.de\/\" \/>\n<meta property=\"og:site_name\" content=\"Fewo Rosenstra\u00dfe\" \/>\n<meta property=\"article:publisher\" content=\"https:\/\/www.facebook.com\/profile.php?id=61581230256860\" \/>\n<meta property=\"article:modified_time\" content=\"2025-11-10T16:56:27+00:00\" \/>\n<meta property=\"og:image\" content=\"https:\/\/rosenstrasse-fewo.de\/wp-content\/uploads\/2025\/11\/WZ_1-scaled.jpg\" \/>\n\t<meta property=\"og:image:width\" content=\"1920\" \/>\n\t<meta property=\"og:image:height\" content=\"2560\" \/>\n\t<meta property=\"og:image:type\" content=\"image\/jpeg\" \/>\n<meta name=\"twitter:card\" content=\"summary_large_image\" \/>\n<meta name=\"twitter:label1\" content=\"Gesch\u00e4tzte Lesezeit\" \/>\n\t<meta name=\"twitter:data1\" content=\"1\u00a0Minute\" \/>\n<script type=\"application\/ld+json\" class=\"yoast-schema-graph\">{\"@context\":\"https:\/\/schema.org\",\"@graph\":[{\"@type\":\"WebPage\",\"@id\":\"https:\/\/rosenstrasse-fewo.de\/\",\"url\":\"https:\/\/rosenstrasse-fewo.de\/\",\"name\":\"Willkommen in der \\\"Ferienwohnung Rosenstra\u00dfe\\\" - Fewo Rosenstra\u00dfe\",\"isPartOf\":{\"@id\":\"https:\/\/rosenstrasse-fewo.de\/#website\"},\"primaryImageOfPage\":{\"@id\":\"https:\/\/rosenstrasse-fewo.de\/#primaryimage\"},\"image\":{\"@id\":\"https:\/\/rosenstrasse-fewo.de\/#primaryimage\"},\"thumbnailUrl\":\"https:\/\/xn--fewo-rosenstrae-3ib.de\/wp-content\/uploads\/2025\/08\/wz-1-scaled.jpg\",\"datePublished\":\"2025-11-08T13:58:11+00:00\",\"dateModified\":\"2025-11-10T16:56:27+00:00\",\"breadcrumb\":{\"@id\":\"https:\/\/rosenstrasse-fewo.de\/#breadcrumb\"},\"inLanguage\":\"de\",\"potentialAction\":[{\"@type\":\"ReadAction\",\"target\":[\"https:\/\/rosenstrasse-fewo.de\/\"]}]},{\"@type\":\"ImageObject\",\"inLanguage\":\"de\",\"@id\":\"https:\/\/rosenstrasse-fewo.de\/#primaryimage\",\"url\":\"https:\/\/xn--fewo-rosenstrae-3ib.de\/wp-content\/uploads\/2025\/08\/wz-1-scaled.jpg\",\"contentUrl\":\"https:\/\/xn--fewo-rosenstrae-3ib.de\/wp-content\/uploads\/2025\/08\/wz-1-scaled.jpg\"},{\"@type\":\"BreadcrumbList\",\"@id\":\"https:\/\/rosenstrasse-fewo.de\/#breadcrumb\",\"itemListElement\":[{\"@type\":\"ListItem\",\"position\":1,\"name\":\"Startseite\",\"item\":\"https:\/\/rosenstrasse-fewo.de\/\"},{\"@type\":\"ListItem\",\"position\":2,\"name\":\"Willkommen in der &#8222;Ferienwohnung Rosenstra\u00dfe&#8220;\"}]},{\"@type\":\"WebSite\",\"@id\":\"https:\/\/rosenstrasse-fewo.de\/#website\",\"url\":\"https:\/\/rosenstrasse-fewo.de\/\",\"name\":\"Fewo Rosenstra\u00dfe\",\"description\":\"49740 Hasel\u00fcnne\",\"publisher\":{\"@id\":\"https:\/\/rosenstrasse-fewo.de\/#organization\"},\"alternateName\":\"Ferienwohnung Rosenstrasse Hasel\u00fcnne\",\"potentialAction\":[{\"@type\":\"SearchAction\",\"target\":{\"@type\":\"EntryPoint\",\"urlTemplate\":\"https:\/\/rosenstrasse-fewo.de\/?s={search_term_string}\"},\"query-input\":{\"@type\":\"PropertyValueSpecification\",\"valueRequired\":true,\"valueName\":\"search_term_string\"}}],\"inLanguage\":\"de\"},{\"@type\":\"Organization\",\"@id\":\"https:\/\/rosenstrasse-fewo.de\/#organization\",\"name\":\"Ferienwohnung Rosenstrasse\",\"alternateName\":\"Ferienwohnung Hasel\u00fcnne\",\"url\":\"https:\/\/rosenstrasse-fewo.de\/\",\"logo\":{\"@type\":\"ImageObject\",\"inLanguage\":\"de\",\"@id\":\"https:\/\/rosenstrasse-fewo.de\/#\/schema\/logo\/image\/\",\"url\":\"https:\/\/rosenstrasse-fewo.de\/wp-content\/uploads\/2025\/11\/cropped-Logo.jpg\",\"contentUrl\":\"https:\/\/rosenstrasse-fewo.de\/wp-content\/uploads\/2025\/11\/cropped-Logo.jpg\",\"width\":512,\"height\":512,\"caption\":\"Ferienwohnung Rosenstrasse\"},\"image\":{\"@id\":\"https:\/\/rosenstrasse-fewo.de\/#\/schema\/logo\/image\/\"},\"sameAs\":[\"https:\/\/www.facebook.com\/profile.php?id=61581230256860\"]}]}<\/script>\n<!-- \/ Yoast SEO plugin. -->","yoast_head_json":{"title":"Willkommen in der \"Ferienwohnung Rosenstra\u00dfe\" - Fewo Rosenstra\u00dfe","robots":{"index":"index","follow":"follow","max-snippet":"max-snippet:-1","max-image-preview":"max-image-preview:large","max-video-preview":"max-video-preview:-1"},"canonical":"https:\/\/rosenstrasse-fewo.de\/","og_locale":"de_DE","og_type":"article","og_title":"Willkommen in der \"Ferienwohnung Rosenstra\u00dfe\" - Fewo Rosenstra\u00dfe","og_description":"Im wundersch\u00f6nen Emsland befindet sich die ca. 55 qm gro\u00dfe \u201cFerienwohnung Rosenstra\u00dfe\u201d in der Korn- und Hansestadt Hasel\u00fcnne. Gelegen in einer ruhigen Siedlung, finden Sie hier Ruhe und Entspannung pur. Die Wohnung wurde in den Jahren 2024\/2025 kernsaniert.In allen R\u00e4umen wurde hochwertiger Vinylboden verlegt, das komplette Mobiliar neu angeschafft und das Badezimmer modern gefliest und&hellip;&nbsp;Willkommen in der &#8222;Ferienwohnung Rosenstra\u00dfe&#8220;","og_url":"https:\/\/rosenstrasse-fewo.de\/","og_site_name":"Fewo Rosenstra\u00dfe","article_publisher":"https:\/\/www.facebook.com\/profile.php?id=61581230256860","article_modified_time":"2025-11-10T16:56:27+00:00","og_image":[{"width":1920,"height":2560,"url":"https:\/\/rosenstrasse-fewo.de\/wp-content\/uploads\/2025\/11\/WZ_1-scaled.jpg","type":"image\/jpeg"}],"twitter_card":"summary_large_image","twitter_misc":{"Gesch\u00e4tzte Lesezeit":"1\u00a0Minute"},"schema":{"@context":"https:\/\/schema.org","@graph":[{"@type":"WebPage","@id":"https:\/\/rosenstrasse-fewo.de\/","url":"https:\/\/rosenstrasse-fewo.de\/","name":"Willkommen in der \"Ferienwohnung Rosenstra\u00dfe\" - Fewo Rosenstra\u00dfe","isPartOf":{"@id":"https:\/\/rosenstrasse-fewo.de\/#website"},"primaryImageOfPage":{"@id":"https:\/\/rosenstrasse-fewo.de\/#primaryimage"},"image":{"@id":"https:\/\/rosenstrasse-fewo.de\/#primaryimage"},"thumbnailUrl":"https:\/\/xn--fewo-rosenstrae-3ib.de\/wp-content\/uploads\/2025\/08\/wz-1-scaled.jpg","datePublished":"2025-11-08T13:58:11+00:00","dateModified":"2025-11-10T16:56:27+00:00","breadcrumb":{"@id":"https:\/\/rosenstrasse-fewo.de\/#breadcrumb"},"inLanguage":"de","potentialAction":[{"@type":"ReadAction","target":["https:\/\/rosenstrasse-fewo.de\/"]}]},{"@type":"ImageObject","inLanguage":"de","@id":"https:\/\/rosenstrasse-fewo.de\/#primaryimage","url":"https:\/\/xn--fewo-rosenstrae-3ib.de\/wp-content\/uploads\/2025\/08\/wz-1-scaled.jpg","contentUrl":"https:\/\/xn--fewo-rosenstrae-3ib.de\/wp-content\/uploads\/2025\/08\/wz-1-scaled.jpg"},{"@type":"BreadcrumbList","@id":"https:\/\/rosenstrasse-fewo.de\/#breadcrumb","itemListElement":[{"@type":"ListItem","position":1,"name":"Startseite","item":"https:\/\/rosenstrasse-fewo.de\/"},{"@type":"ListItem","position":2,"name":"Willkommen in der &#8222;Ferienwohnung Rosenstra\u00dfe&#8220;"}]},{"@type":"WebSite","@id":"https:\/\/rosenstrasse-fewo.de\/#website","url":"https:\/\/rosenstrasse-fewo.de\/","name":"Fewo Rosenstra\u00dfe","description":"49740 Hasel\u00fcnne","publisher":{"@id":"https:\/\/rosenstrasse-fewo.de\/#organization"},"alternateName":"Ferienwohnung Rosenstrasse Hasel\u00fcnne","potentialAction":[{"@type":"SearchAction","target":{"@type":"EntryPoint","urlTemplate":"https:\/\/rosenstrasse-fewo.de\/?s={search_term_string}"},"query-input":{"@type":"PropertyValueSpecification","valueRequired":true,"valueName":"search_term_string"}}],"inLanguage":"de"},{"@type":"Organization","@id":"https:\/\/rosenstrasse-fewo.de\/#organization","name":"Ferienwohnung Rosenstrasse","alternateName":"Ferienwohnung Hasel\u00fcnne","url":"https:\/\/rosenstrasse-fewo.de\/","logo":{"@type":"ImageObject","inLanguage":"de","@id":"https:\/\/rosenstrasse-fewo.de\/#\/schema\/logo\/image\/","url":"https:\/\/rosenstrasse-fewo.de\/wp-content\/uploads\/2025\/11\/cropped-Logo.jpg","contentUrl":"https:\/\/rosenstrasse-fewo.de\/wp-content\/uploads\/2025\/11\/cropped-Logo.jpg","width":512,"height":512,"caption":"Ferienwohnung Rosenstrasse"},"image":{"@id":"https:\/\/rosenstrasse-fewo.de\/#\/schema\/logo\/image\/"},"sameAs":["https:\/\/www.facebook.com\/profile.php?id=61581230256860"]}]}},"_links":{"self":[{"href":"https:\/\/rosenstrasse-fewo.de\/index.php?rest_route=\/wp\/v2\/pages\/37","targetHints":{"allow":["GET"]}}],"collection":[{"href":"https:\/\/rosenstrasse-fewo.de\/index.php?rest_route=\/wp\/v2\/pages"}],"about":[{"href":"https:\/\/rosenstrasse-fewo.de\/index.php?rest_route=\/wp\/v2\/types\/page"}],"author":[{"embeddable":true,"href":"https:\/\/rosenstrasse-fewo.de\/index.php?rest_route=\/wp\/v2\/users\/1"}],"replies":[{"embeddable":true,"href":"https:\/\/rosenstrasse-fewo.de\/index.php?rest_route=%2Fwp%2Fv2%2Fcomments&post=37"}],"version-history":[{"count":5,"href":"https:\/\/rosenstrasse-fewo.de\/index.php?rest_route=\/wp\/v2\/pages\/37\/revisions"}],"predecessor-version":[{"id":109,"href":"https:\/\/rosenstrasse-fewo.de\/index.php?rest_route=\/wp\/v2\/pages\/37\/revisions\/109"}],"wp:attachment":[{"href":"https:\/\/rosenstrasse-fewo.de\/index.php?rest_route=%2Fwp%2Fv2%2Fmedia&parent=37"}],"curies":[{"name":"wp","href":"https:\/\/api.w.org\/{rel}","templated":true}]}}